{"id":510,"date":"2023-05-04T18:34:07","date_gmt":"2023-05-04T18:34:07","guid":{"rendered":"https:\/\/laesferamagica.com\/?page_id=510"},"modified":"2023-05-04T18:34:07","modified_gmt":"2023-05-04T18:34:07","slug":"aviso-de-privacidad","status":"publish","type":"page","link":"https:\/\/laesferamagica.com\/?page_id=510","title":{"rendered":"Aviso de privacidad"},"content":{"rendered":"\t\t<div data-elementor-type=\"wp-page\" data-elementor-id=\"510\" class=\"elementor elementor-510\">\n\t\t\t\t\t\t<section class=\"elementor-section elementor-top-section elementor-element elementor-element-1d029bf elementor-section-boxed elementor-section-height-default elementor-section-height-default\" data-id=\"1d029bf\" data-element_type=\"section\" data-e-type=\"section\" data-settings=\"{&quot;background_background&quot;:&quot;gradient&quot;}\">\n\t\t\t\t\t\t\t<div class=\"elementor-background-overlay\"><\/div>\n\t\t\t\t\t\t\t<div class=\"elementor-container elementor-column-gap-narrow\">\n\t\t\t\t\t<div class=\"elementor-column elementor-col-100 elementor-top-column elementor-element elementor-element-6b418d37\" data-id=\"6b418d37\" data-element_type=\"column\" data-e-type=\"column\">\n\t\t\t<div class=\"elementor-widget-wrap elementor-element-populated\">\n\t\t\t\t\t\t<section class=\"elementor-section elementor-inner-section elementor-element elementor-element-74fba3e1 elementor-section-full_width elementor-section-height-min-height elementor-section-height-default\" data-id=\"74fba3e1\" data-element_type=\"section\" data-e-type=\"section\">\n\t\t\t\t\t\t<div class=\"elementor-container elementor-column-gap-default\">\n\t\t\t\t\t<div class=\"elementor-column elementor-col-100 elementor-inner-column elementor-element elementor-element-61dc5f78 elementor-invisible\" data-id=\"61dc5f78\" data-element_type=\"column\" data-e-type=\"column\" data-settings=\"{&quot;animation&quot;:&quot;fadeInUp&quot;}\">\n\t\t\t<div class=\"elementor-widget-wrap elementor-element-populated\">\n\t\t\t\t\t\t<div class=\"elementor-element elementor-element-6c2f1fab elementor-invisible elementor-widget elementor-widget-elementskit-heading\" data-id=\"6c2f1fab\" data-element_type=\"widget\" data-e-type=\"widget\" data-settings=\"{&quot;_animation&quot;:&quot;fadeInUp&quot;}\" data-widget_type=\"elementskit-heading.default\">\n\t\t\t\t\t<div class=\"ekit-wid-con\" ><div class=\"ekit-heading elementskit-section-title-wraper text_center   ekit_heading_tablet-   ekit_heading_mobile-\"><h3 class=\"elementskit-section-subtitle  \">\n\t\t\t\t\t\tAviso de privacidad \n\t\t\t\t\t<\/h3><\/div><\/div>\t\t\t\t<\/div>\n\t\t\t\t\t<\/div>\n\t\t<\/div>\n\t\t\t\t\t<\/div>\n\t\t<\/section>\n\t\t\t\t\t<\/div>\n\t\t<\/div>\n\t\t\t\t\t<\/div>\n\t\t<\/section>\n\t\t\t\t<section class=\"elementor-section elementor-top-section elementor-element elementor-element-40c4f3f9 elementor-section-boxed elementor-section-height-default elementor-section-height-default\" data-id=\"40c4f3f9\" data-element_type=\"section\" data-e-type=\"section\" data-settings=\"{&quot;background_background&quot;:&quot;classic&quot;}\">\n\t\t\t\t\t\t<div class=\"elementor-container elementor-column-gap-default\">\n\t\t\t\t\t<div class=\"elementor-column elementor-col-100 elementor-top-column elementor-element elementor-element-682d6ad4\" data-id=\"682d6ad4\" data-element_type=\"column\" data-e-type=\"column\">\n\t\t\t<div class=\"elementor-widget-wrap elementor-element-populated\">\n\t\t\t\t\t\t<section class=\"elementor-section elementor-inner-section elementor-element elementor-element-1c379d5c elementor-reverse-mobile elementor-section-boxed elementor-section-height-default elementor-section-height-default\" data-id=\"1c379d5c\" data-element_type=\"section\" data-e-type=\"section\">\n\t\t\t\t\t\t<div class=\"elementor-container elementor-column-gap-default\">\n\t\t\t\t\t<div class=\"elementor-column elementor-col-100 elementor-inner-column elementor-element elementor-element-29ff8557 animated-slow elementor-invisible\" data-id=\"29ff8557\" data-element_type=\"column\" data-e-type=\"column\" data-settings=\"{&quot;animation&quot;:&quot;slideInLeft&quot;}\">\n\t\t\t<div class=\"elementor-widget-wrap elementor-element-populated\">\n\t\t\t\t\t\t<div class=\"elementor-element elementor-element-fe5072f elementor-widget elementor-widget-image\" data-id=\"fe5072f\" data-element_type=\"widget\" data-e-type=\"widget\" data-widget_type=\"image.default\">\n\t\t\t\t\t\t\t\t\t\t\t\t\t\t\t<img decoding=\"async\" src=\"https:\/\/laesferamagica.com\/wp-content\/uploads\/2023\/05\/Logo-La-esfera.png\" title=\"\" alt=\"\" loading=\"lazy\" \/>\t\t\t\t\t\t\t\t\t\t\t\t\t\t\t<\/div>\n\t\t\t\t<div class=\"elementor-element elementor-element-4502c247 elementor-widget elementor-widget-text-editor\" data-id=\"4502c247\" data-element_type=\"widget\" data-e-type=\"widget\" data-widget_type=\"text-editor.default\">\n\t\t\t\t\t\t\t\t\t<p style=\"font-weight: 400;\"><strong><em>Ley Federal de Protecci\u00f3n de Datos<\/em><\/strong><\/p><p style=\"font-weight: 400;\"><strong><em>Personales en Posesi\u00f3n de Particulares<\/em><\/strong><\/p><p style=\"font-weight: 400;\"><strong><em>Aviso de Privacidad<\/em><\/strong><\/p><p style=\"font-weight: 400;\">\u00a0<\/p>\t\t\t\t\t\t\t\t<\/div>\n\t\t\t\t\t<\/div>\n\t\t<\/div>\n\t\t\t\t\t<\/div>\n\t\t<\/section>\n\t\t\t\t<section class=\"elementor-section elementor-inner-section elementor-element elementor-element-1c89a5f elementor-reverse-mobile elementor-section-boxed elementor-section-height-default elementor-section-height-default\" data-id=\"1c89a5f\" data-element_type=\"section\" data-e-type=\"section\">\n\t\t\t\t\t\t<div class=\"elementor-container elementor-column-gap-default\">\n\t\t\t\t\t<div class=\"elementor-column elementor-col-100 elementor-inner-column elementor-element elementor-element-4f3a1dd animated-slow elementor-invisible\" data-id=\"4f3a1dd\" data-element_type=\"column\" data-e-type=\"column\" data-settings=\"{&quot;animation&quot;:&quot;slideInLeft&quot;}\">\n\t\t\t<div class=\"elementor-widget-wrap elementor-element-populated\">\n\t\t\t\t\t\t<div class=\"elementor-element elementor-element-3088002 elementor-widget elementor-widget-text-editor\" data-id=\"3088002\" data-element_type=\"widget\" data-e-type=\"widget\" data-widget_type=\"text-editor.default\">\n\t\t\t\t\t\t\t\t\t<p style=\"font-weight: 400;\">Contenido<\/p><p style=\"font-weight: 400;\">i.- Glosario de t\u00e9rminos<\/p><ol><li style=\"font-weight: 400;\">Aviso de Privacidad de OSCAR ALBERTO ESCOBAR VALDIVIESO<\/li><\/ol><ol start=\"2\"><li style=\"font-weight: 400;\">Fuentes de Datos Personales.<\/li><\/ol><ol start=\"3\"><li style=\"font-weight: 400;\">Usos de los Datos Personales.<\/li><\/ol><ol start=\"4\"><li style=\"font-weight: 400;\">Compartir Informaci\u00f3n.<\/li><\/ol><ol start=\"5\"><li style=\"font-weight: 400;\">C\u00f3mo protegemos los Datos Personales.<\/li><\/ol><ol start=\"6\"><li style=\"font-weight: 400;\">C\u00f3mo contactarnos.<\/li><\/ol><ol start=\"7\"><li style=\"font-weight: 400;\">Cambios a este Aviso de Privacidad.<\/li><\/ol><ol start=\"8\"><li style=\"font-weight: 400;\">Datos Personales Sensibles.<\/li><\/ol><ol start=\"9\"><li style=\"font-weight: 400;\">Aceptaci\u00f3n Aviso de Privacidad.<\/li><\/ol><ol start=\"10\"><li style=\"font-weight: 400;\">Aviso de Confidencialidad.<\/li><\/ol><p style=\"font-weight: 400;\"><strong><em>i.- Glosario de T\u00e9rminos<\/em><\/strong>.<\/p><p style=\"font-weight: 400;\"><strong>\u00a0<\/strong><\/p><table style=\"font-weight: 400;\"><tbody><tr><td width=\"168\"><p><strong>T\u00e9rmino<\/strong><\/p><\/td><td width=\"417\"><p><strong>Definici\u00f3n.<\/strong><\/p><\/td><\/tr><tr><td width=\"168\"><p><strong>\u201cLEY\u201d<\/strong><\/p><\/td><td width=\"417\"><p>Se entender\u00e1 exclusivamente a la Ley Federal de Protecci\u00f3n de Datos Personales en Posesi\u00f3n de Particulares<\/p><\/td><\/tr><tr><td width=\"168\"><p><strong>\u201cRESPONSABLE\u201d<\/strong><\/p><\/td><td width=\"417\"><p>El encargado de resguardo y procesamiento de los datos personales, en este caso OSCAR ALBERTO ESCOBAR VALDIVIESO<\/p><\/td><\/tr><tr><td width=\"168\"><p><strong>\u201cTITULARES\u201d<\/strong><\/p><\/td><td width=\"417\"><p>La persona f\u00edsica que solicite servicios de la RESPONSABLE, que enunciativamente pueden ser los clientes, proveedores, colaboradores, as\u00ed como de TERCEROS con los que OSCAR ALBERTO ESCOBAR VALDIVIESO pretenda iniciar y tenga una relaci\u00f3n contractual.<\/p><\/td><\/tr><tr><td width=\"168\"><p><strong>\u201cAVISO\u201d<\/strong><\/p><\/td><td width=\"417\"><p>Se entender\u00e1 que se refiere al presente Aviso de Privacidad,\u00a0 completo.<\/p><\/td><\/tr><tr><td width=\"168\"><p><strong>\u201cGARANTE\u201d<\/strong><\/p><\/td><td width=\"417\"><p>Es la persona f\u00edsica que se encargar\u00e1 de recopilar y resguardar los datos personales y dem\u00e1s obligaciones que disponga el \u201cRESPONSABLE\u201d y la \u201cLEY\u201d\u00a0<\/p><\/td><\/tr><\/tbody><\/table><p style=\"font-weight: 400;\"><strong>\u00a0<\/strong><\/p><p style=\"font-weight: 400;\"><strong>\u00a0<\/strong><\/p><ol><li style=\"font-weight: 400;\"><strong><em> Aviso de Privacidad de OSCAR ALBERTO ESCOBAR VALDIVIESO <\/em><\/strong><\/li><\/ol><p style=\"font-weight: 400;\">OSCAR ALBERTO ESCOBAR VALDIVIESO, con domicilio para o\u00edr notificaciones el ubicado en BOULEVARD ATIXCAYOTL NO. 3432 LOCAL 212 PERSEO HOLIDAY INN EMILIANO ZAPATA, C.P. 72824 SAN ANDRES CHOLULA, PUEBLA, \u00a0misma que se pone a disposici\u00f3n del o los \u201cTITULARES\u201d para los efectos legales correspondientes, y hace de su conocimiento la siguiente informaci\u00f3n:<\/p><p style=\"font-weight: 400;\">OSCAR ALBERTO ESCOBAR VALDIVIESO est\u00e1 comprometido con la transparencia, seguridad y privacidad de los Datos Personales de los \u201cTITULARES\u201d y se compromete y obliga a observar y cumplir con los principios de licitud, consentimiento, calidad , informaci\u00f3n, y responsabilidad previstos en el art\u00edculo 6\u00b0 de la \u201cLEY\u201d.<\/p><p style=\"font-weight: 400;\">Tomando en consideraci\u00f3n los lineamientos anteriores, el presente \u201cAVISO\u201d se aplicar\u00e1 a toda la informaci\u00f3n, incluyendo los Datos Personales Sensibles de los \u201cTITULARES\u201d. \u00a0Por lo antes mencionado, y al momento de leer el presente Aviso de Privacidad, usted (\u201cTITULAR\u201d) otorga su consentimiento a OSCAR ALBERTO ESCOBAR VALDIVIESO para recopilar, utilizar y transferir sus Datos Personales para los fines que m\u00e1s adelante se especifican.<\/p><p style=\"font-weight: 400;\">Con el objeto de dar cumplimiento a lo establecido en el Art\u00edculo 16 de la Ley se se\u00f1ala lo siguiente:<\/p><p style=\"font-weight: 400;\">&#8211; IDENTIDAD Y DOMICILIO Del \u201cRESPONSABLE\u201d<\/p><p style=\"font-weight: 400;\">OSCAR ALBERTO ESCOBAR VALDIVIESO es prestador de servicios y tiene su domicilio en BOULEVARD ATIXCAYOTL NO. 3432 LOCAL 212 PERSEO HOLIDAY INN EMILIANO ZAPATA, C.P. 72824 SAN ANDRES CHOLULA, PUEBLA, mismo \u00a0que se pone a disposici\u00f3n del o los \u201cTITULARES\u201d para los efectos que estime pertinentes, y por tanto toda comunicaci\u00f3n deber\u00e1 dirigirse para su Atenci\u00f3n al \u201cGARANTE\u201d, el cual ha sido designado como responsable para el tr\u00e1mite de solicitudes y fomento a la protecci\u00f3n de Datos Personales, en t\u00e9rminos del art\u00edculo 30 de la \u201cLEY\u201d.<\/p><p style=\"font-weight: 400;\">En la recolecci\u00f3n de datos personales se seguir\u00e1n todos los principios que se\u00f1ala el Art. 6 de la Ley, que son: licitud, calidad, consentimiento, informaci\u00f3n, finalidad, lealtad, proporcionalidad y responsabilidad.<\/p><p style=\"font-weight: 400;\">Este aviso tiene aplicaci\u00f3n a todas las actividades que realiza OSCAR ALBERTO ESCOBAR VALDIVIESO con terceras personas, en cualquiera de los grupos que lo conforman actualmente o que lleguen a conformarlo en el futuro, en cualquiera de las ciudades donde lleve a cabo sus\u00a0actividades.<\/p><ol start=\"2\"><li style=\"font-weight: 400;\"><strong><em> Fuentes de Datos Personales. <\/em><\/strong><\/li><\/ol><p style=\"font-weight: 400;\">De acuerdo con el art\u00edculo 3\u00b0 de la \u201cLEY\u201d, se entiende como \u00a8Datos Personales\u00a8: cualquier informaci\u00f3n concerniente a una persona f\u00edsica identificada o identificable.<\/p><p style=\"font-weight: 400;\">Para efectos del\u00a0 presente \u201cAVISO\u201d, de manera enunciativa m\u00e1s no limitativa, se entender\u00e1n como \u201cDatos Personales\u201d.<\/p><ol><li style=\"font-weight: 400;\">a) Datos Generales. Nombre(s) y apellidos, fecha de nacimiento, sexo, domicilio, tel\u00e9fono fijo (casa u oficina), tel\u00e9fono celular, correo electr\u00f3nico, entre otros datos similares concernientes a una persona.<\/li><\/ol><p style=\"font-weight: 400;\">Para la realizaci\u00f3n de sus actividades, el \u201cRESPONSABLE\u201d, utiliza la siguiente informaci\u00f3n de los \u201cTITULARES\u201d:<\/p><ul><li style=\"font-weight: 400;\">Su nombre, direcci\u00f3n, fecha de nacimiento.<\/li><li style=\"font-weight: 400;\">Su registro federal de contribuyentes.<\/li><li style=\"font-weight: 400;\">Su correo electr\u00f3nico y n\u00famero telef\u00f3nico.<\/li><\/ul><p style=\"font-weight: 400;\">La que llegue al \u201cRESPONSABLE\u201d, directamente por diversos medios, como pueden ser entrevistas personales, informes impresos, llamadas telef\u00f3nicas, correos electr\u00f3nicos y otros.<\/p><p style=\"font-weight: 400;\">La que se obtiene cuando alguien visita los sitios WEB o de promoci\u00f3n en internet,\u00a0 del \u201cRESPONSABLE\u201d, o cuando recibe sus servicios o consulta informaci\u00f3n del \u201cRESPONSABLE\u201d.<\/p><p style=\"font-weight: 400;\">La que se obtiene de fuentes p\u00fablicas legalmente disponibles.<\/p><p style=\"font-weight: 400;\">Lo anterior conforme a lo establecido en el art\u00edculo 7\u00b0 de la \u201cLEY\u201d.<\/p><ol start=\"3\"><li style=\"font-weight: 400;\"><strong><em> Usos de los Datos Personales. <\/em><\/strong><\/li><\/ol><p style=\"font-weight: 400;\">De acuerdo con lo que precept\u00faa \u00a0la \u201cLEY\u201d, se considera tratamiento de Datos Personales, la obtenci\u00f3n, uso, divulgaci\u00f3n o almacenamiento de Datos Personales, por cualquier medio. El uso abarca cualquier acci\u00f3n de acceso, manejo, aprovechamiento, transferencia o disposici\u00f3n de datos personales.<\/p><p style=\"font-weight: 400;\">El tratamiento de Datos Personales por parte del \u201cRESPONSABLE\u201d se limitara al cumplimiento de las finalidades de tratamiento previstas en el presente \u201cAVISO\u201d \u00a0y se sujetara a lo siguiente:<\/p><p style=\"font-weight: 400;\">En caso que se pretenda tratar sus Datos Personales, para un fin distinto a los fines del presente \u201cAVISO\u201d,\u00a0 el \u201cRESPONSABLE\u201d \u00a0requerir\u00e1 obtener su consentimiento para tal fin.<\/p><p style=\"font-weight: 400;\">OSCAR ALBERTO ESCOBAR VALDIVIESO utilizar\u00e1 los Datos Personales para:<\/p><p style=\"font-weight: 400;\">a).- Atender su solicitud de servicios;<\/p><p style=\"font-weight: 400;\">b).- Atender cualquier queja, pregunta o comentario;<\/p><p style=\"font-weight: 400;\">d).- Enviar notificaciones, avisos e informaci\u00f3n sobre los servicios en la medida en que as\u00ed lo permita la legislaci\u00f3n aplicable;<\/p><p style=\"font-weight: 400;\">e).- Crear bases de datos (incluyendo bases de datos respecto a datos sensibles) para fines de atenci\u00f3n, de ense\u00f1anza, estad\u00edsticos, de procesos de mejora de atenci\u00f3n y\/o calidad, para an\u00e1lisis de satisfacci\u00f3n de servicios relacionados con los fines mencionados en el inciso a) anterior;<\/p><p style=\"font-weight: 400;\">f).- En general para atender los requerimientos de las autoridades competentes y cumplir con la legislaci\u00f3n aplicable; y<\/p><p style=\"font-weight: 400;\">h).- Enviar notificaciones de cambios a este \u201cAVISO\u201d<\/p><p style=\"font-weight: 400;\">En ning\u00fan caso, el \u201cRESPONSABLE\u201d, dar\u00e1 un uso distinto a los se\u00f1alados a cualquier Dato Personal recabado, salvo que medie un cambio en este \u201cAVISO\u201d.<\/p><p style=\"font-weight: 400;\">USO DE COOKIES. El \u201cRESPONSABLE\u201d le informa que no utiliza \u201ccookies y web beacons\u201d para obtener informaci\u00f3n de usted de manera autom\u00e1tica. Los datos personales que recabamos de manera electr\u00f3nica, as\u00ed como las finalidades del tratamiento se encuentran establecidas en el presente Aviso de Privacidad.<\/p><ol start=\"4\"><li style=\"font-weight: 400;\"><strong><em> Compartir Informaci\u00f3n. <\/em><\/strong><\/li><\/ol><p style=\"font-weight: 400;\">Por regla general, el \u201cRESPONSABLE\u201d no comparte informaci\u00f3n de Datos Personales sin el consentimiento expl\u00edcito del titular. No obstante, es posible que el \u201cRESPONSABLE\u201d., comparta informaci\u00f3n en los siguientes casos, de acuerdo con lo contemplado en el cap\u00edtulo V, art\u00edculos 36 y 37 de la Ley:<\/p><ol><li>Para complementar un procedimiento solicitado por el titular de la informaci\u00f3n.<\/li><li>Para atender requerimientos de las autoridades o para proteger y defender los derechos de OSCAR ALBERTO ESCOBAR VALDIVIESO esto sin perjuicio del particular que proporciona informaci\u00f3n.<\/li><\/ol><ol start=\"5\"><li style=\"font-weight: 400;\"><strong><em> C\u00f3mo protegemos los Datos Personales. <\/em><\/strong><\/li><\/ol><p style=\"font-weight: 400;\">De conformidad con lo que dispone la \u201cLEY\u201d en el \u00a0Cap\u00edtulo II, una vez que una persona entrega sus datos Personales el \u201cRESPONSABLE\u201d los conservar\u00e1 indefinidamente en diferentes medios, con la seguridad que la tecnolog\u00eda le permita.<\/p><p style=\"font-weight: 400;\">Los Datos Personales en posesi\u00f3n del \u201cRESPONSABLE\u201d estar\u00e1n protegidos de forma administrativa, t\u00e9cnica y f\u00edsica para evitar su p\u00e9rdida, su uso indebido, el acceso no autorizado a los mismos, as\u00ed como su publicaci\u00f3n, modificaci\u00f3n o destrucci\u00f3n.<\/p><p style=\"font-weight: 400;\"><strong>FINALIDAD.<\/strong><\/p><p style=\"font-weight: 400;\">Salvo que usted disponga lo contrario en el legal ejercicio de su derecho de cancelaci\u00f3n u oposici\u00f3n y a trav\u00e9s de los mecanismos establecidos en el presente \u201cAVISO\u201d, el tratamiento de sus Datos Personales, incluyendo los Datos Personales Sensibles que en su caso el \u201cRESPONSABLE\u201d, llegue a recopilar, tiene como finalidad la identificaci\u00f3n, operaci\u00f3n , administraci\u00f3n, mercadotecnia, \u00a0y otros fines an\u00e1logos y l\u00edcitos conforme a los dispuesto por la Ley, que se derivan de los servicios contratados por usted y otras obligaciones que se originan por la relaci\u00f3n jur\u00eddica entre usted como \u201cTITULAR\u201d de los datos \u00a0Personales y OSCAR ALBERTO ESCOBAR VALDIVIESO<\/p><ol start=\"6\"><li style=\"font-weight: 400;\"><strong><em> C\u00f3mo establecer contacto con OSCAR ALBERTO ESCOBAR VALDIVIESO<\/em><\/strong><\/li><\/ol><p style=\"font-weight: 400;\">El \u201cTITULAR\u201d de los Datos Personales podr\u00e1 dirigirse al \u201cRESPONSABLE\u201d con \u00a0Atenci\u00f3n al \u201cGARANTE\u201d \u00a0DE NOMBRE \u00a0OSCAR ALBERTO ESCOBAR VALDIVIESO, en la direcci\u00f3n ubicada en BOULEVARD ATIXCAYOTL NO. 3432 LOCAL 212 PERSEO HOLIDAY INN EMILIANO ZAPATA, C.P. 72824 SAN ANDRES CHOLULA, PUEBLA, en horas y d\u00edas h\u00e1biles o a trav\u00e9s del correo electr\u00f3nico <a href=\"mailto:laesferamagica@outlook.com\">laesferamagica@outlook.com<\/a><\/p><p style=\"font-weight: 400;\">Para ser aceptada por el \u201cRESPONSABLE\u201d, la solicitud deber\u00e1 contener y acompa\u00f1arse de todo lo se\u00f1alado en el Art. 29 de la Ley.<\/p><ol start=\"7\"><li style=\"font-weight: 400;\"><strong><em> Cambios a este Aviso de Privacidad. <\/em><\/strong><\/li><\/ol><p style=\"font-weight: 400;\"><strong><em>\u00a0<\/em><\/strong><\/p><p style=\"font-weight: 400;\">Cualquier modificaci\u00f3n al presente Aviso de Privacidad le ser\u00e1 informado indistintamente, mediante aviso en las oficinas del \u201cRESPONSABLE\u201d, \u00a0correo electr\u00f3nico o a trav\u00e9s del portal de internet.<\/p><p style=\"font-weight: 400;\">El \u201cRESPONSABLE\u201d, se reserva el derecho de hacer las modificaciones que \u00a0juzgue pertinentes a este Aviso de Privacidad, con el prop\u00f3sito de adecuarlo, actualizarlo, mejorarlo, o bien para atender nuevas disposiciones legales.<\/p><p style=\"font-weight: 400;\">El \u201cRESPONSABLE\u201d, recomienda a los titulares de los Datos Personales revisar con regularidad el contenido de este Aviso de Privacidad.<\/p><ol start=\"8\"><li style=\"font-weight: 400;\"><strong><em> Aceptaci\u00f3n Aviso de Privacidad. <\/em><\/strong><\/li><\/ol><p style=\"font-weight: 400;\">El presente \u201cAVISO\u201d se encuentra elaborado de acuerdo a los lineamientos legales de la \u201cLEY\u201d y aparece en nuestra p\u00e1gina WEB. Si tiene comentarios u observaciones al mismo, le solicitamos establecer contacto con nosotros inmediatamente, a trav\u00e9s de esta p\u00e1gina o al correo electr\u00f3nico <a href=\"mailto:laesferamagica@outlook.com\">laesferamagica@outlook.com<\/a> de no recibir sus comentarios, entenderemos que est\u00e1 de acuerdo con los t\u00e9rminos y condiciones del mismo. Nuestro Aviso de Privacidad puede sufrir modificaciones de tiempo en tiempo, por lo que le sugerimos revisarlo continuamente.<\/p><p style=\"font-weight: 400;\"><strong><em>\u00a0<\/em><\/strong><\/p><ol start=\"9\"><li style=\"font-weight: 400;\"><strong><em> Aviso de Confidencialidad. <\/em><\/strong><\/li><\/ol><p style=\"font-weight: 400;\">La informaci\u00f3n contenida en los correos electr\u00f3nicos pertenecientes a OSCAR ALBERTO ESCOBAR VALDIVIESO y\/o cualquier archivo contenido en ellos, es confidencial y\/o legalmente privilegiada y para el uso \u00fanico y exclusivo del destinatario, por lo que se proh\u00edbe el uso, reproducci\u00f3n, retransmisi\u00f3n o divulgaci\u00f3n no autorizada, parcial o total, de su contenido.<\/p><p style=\"font-weight: 400;\">__________________________________________________________________________________________________________________________<\/p><p style=\"font-weight: 400;\">Con el presente Aviso de Privacidad los Titulares de la informaci\u00f3n quedan debidamente informados de los datos que se recabaron de ellos y con qu\u00e9 fines, aceptando los t\u00e9rminos que fueron elaborados en cumplimiento a la Ley Federal de Protecci\u00f3n de Datos Personales en Posesi\u00f3n de los Particulares y su Reglamento.<\/p><p style=\"font-weight: 400;\"><strong>ATENTAMENTE.<\/strong><\/p><p style=\"font-weight: 400;\"><strong>\u00a0<\/strong><\/p><p style=\"font-weight: 400;\"><strong>\u00a0<\/strong><\/p><p style=\"font-weight: 400;\"><strong>OSCAR ALBERTO ESCOBAR VALDIVIESO<\/strong><\/p>\t\t\t\t\t\t\t\t<\/div>\n\t\t\t\t\t<\/div>\n\t\t<\/div>\n\t\t\t\t\t<\/div>\n\t\t<\/section>\n\t\t\t\t\t<\/div>\n\t\t<\/div>\n\t\t\t\t\t<\/div>\n\t\t<\/section>\n\t\t\t\t<\/div>\n\t\t","protected":false},"excerpt":{"rendered":"<p>Aviso de privacidad Ley Federal de Protecci\u00f3n de Datos Personales en Posesi\u00f3n de Particulares Aviso de Privacidad \u00a0 Contenido i.- Glosario de t\u00e9rminos Aviso de Privacidad de OSCAR ALBERTO ESCOBAR VALDIVIESO Fuentes de Datos Personales. Usos de los Datos Personales. Compartir Informaci\u00f3n. C\u00f3mo protegemos los Datos Personales. C\u00f3mo contactarnos. Cambios a este Aviso de Privacidad. [&hellip;]<\/p>\n","protected":false},"author":2,"featured_media":0,"parent":0,"menu_order":0,"comment_status":"closed","ping_status":"closed","template":"","meta":{"_joinchat":[],"footnotes":""},"class_list":["post-510","page","type-page","status-publish","hentry"],"_links":{"self":[{"href":"https:\/\/laesferamagica.com\/index.php?rest_route=\/wp\/v2\/pages\/510","targetHints":{"allow":["GET"]}}],"collection":[{"href":"https:\/\/laesferamagica.com\/index.php?rest_route=\/wp\/v2\/pages"}],"about":[{"href":"https:\/\/laesferamagica.com\/index.php?rest_route=\/wp\/v2\/types\/page"}],"author":[{"embeddable":true,"href":"https:\/\/laesferamagica.com\/index.php?rest_route=\/wp\/v2\/users\/2"}],"replies":[{"embeddable":true,"href":"https:\/\/laesferamagica.com\/index.php?rest_route=%2Fwp%2Fv2%2Fcomments&post=510"}],"version-history":[{"count":0,"href":"https:\/\/laesferamagica.com\/index.php?rest_route=\/wp\/v2\/pages\/510\/revisions"}],"wp:attachment":[{"href":"https:\/\/laesferamagica.com\/index.php?rest_route=%2Fwp%2Fv2%2Fmedia&parent=510"}],"curies":[{"name":"wp","href":"https:\/\/api.w.org\/{rel}","templated":true}]}}